{"id":333,"date":"2025-04-28T20:21:56","date_gmt":"2025-04-28T20:21:56","guid":{"rendered":"https:\/\/expolibrodigital.infoqro.mx\/?page_id=333"},"modified":"2025-04-28T21:05:54","modified_gmt":"2025-04-28T21:05:54","slug":"marco-normativo-en-materia-de-proteccion-de-datos-personales","status":"publish","type":"page","link":"https:\/\/expolibrodigital.infoqro.mx\/index.php\/marco-normativo-en-materia-de-proteccion-de-datos-personales\/","title":{"rendered":"Marco normativo en materia de Protecci\u00f3n de Datos Personales"},"content":{"rendered":"\t\t<div data-elementor-type=\"wp-page\" data-elementor-id=\"333\" class=\"elementor elementor-333\" data-elementor-post-type=\"page\">\n\t\t\t\t<div class=\"elementor-element elementor-element-19b9dfe e-con-full e-flex e-con e-parent\" data-id=\"19b9dfe\" data-element_type=\"container\">\n\t\t\t\t<div class=\"elementor-element elementor-element-53d5903 elementor-invisible elementor-widget elementor-widget-image\" data-id=\"53d5903\" data-element_type=\"widget\" data-settings=\"{&quot;_animation&quot;:&quot;fadeInDown&quot;}\" data-widget_type=\"image.default\">\n\t\t\t\t<div class=\"elementor-widget-container\">\n\t\t\t\t\t\t\t\t\t\t\t\t\t\t\t<img decoding=\"async\" width=\"421\" height=\"108\" src=\"https:\/\/expolibrodigital.infoqro.mx\/wp-content\/uploads\/2025\/03\/EXPO_LDPDDP_LOGO-1.svg\" class=\"attachment-large size-large wp-image-41\" alt=\"\" \/>\t\t\t\t\t\t\t\t\t\t\t\t\t\t\t<\/div>\n\t\t\t\t<\/div>\n\t\t\t\t<\/div>\n\t\t<div class=\"elementor-element elementor-element-d5683f3 e-con-full e-flex e-con e-parent\" data-id=\"d5683f3\" data-element_type=\"container\" data-settings=\"{&quot;background_background&quot;:&quot;classic&quot;}\">\n\t\t\t\t<div class=\"elementor-element elementor-element-283a793 elementor-invisible elementor-widget elementor-widget-heading\" data-id=\"283a793\" data-element_type=\"widget\" data-settings=\"{&quot;_animation&quot;:&quot;zoomIn&quot;}\" data-widget_type=\"heading.default\">\n\t\t\t\t<div class=\"elementor-widget-container\">\n\t\t\t\t\t<h2 class=\"elementor-heading-title elementor-size-default\">Marco Normativo<\/h2>\t\t\t\t<\/div>\n\t\t\t\t<\/div>\n\t\t\t\t<\/div>\n\t\t<div class=\"elementor-element elementor-element-be84676 e-flex e-con-boxed e-con e-parent\" data-id=\"be84676\" data-element_type=\"container\">\n\t\t\t\t\t<div class=\"e-con-inner\">\n\t\t\t\t<div class=\"elementor-element elementor-element-7228f93 elementor-widget elementor-widget-wpfd_choose_category\" data-id=\"7228f93\" data-element_type=\"widget\" data-widget_type=\"wpfd_choose_category.default\">\n\t\t\t\t<div class=\"elementor-widget-container\">\n\t\t\t\t\t<div id=\"wpfd-elementor-category\" class=\"wpfd-elementor-category\"><div class=\"wpfd-content wpfd-content-default wpfd-content-multi\" data-category=\"12\"             style=\"background-color: rgba(255, 255, 255, 0)\"><input type=\"hidden\" id=\"current_category_12\" value=\"12\" \/>                    <input type=\"hidden\" id=\"current_category_slug_12\" value=\"marco-normativo\" \/>                    <input type=\"hidden\" id=\"current_ordering_12\" value=\"title\" \/>                    <input type=\"hidden\" id=\"current_ordering_direction_12\" value=\"desc\" \/>                    <input type=\"hidden\" id=\"page_limit_12\" value=\"50\" \/><input type=\"hidden\" id=\"wpfd_display_empty_category_message\" value=\"0\" \/><input type=\"hidden\" id=\"wpfd_empty_category_message_val\" value=\"This file category has no files to display\" \/><input type=\"hidden\" id=\"wpfd_display_empty_folder\" value=\"0\" \/><input type=\"hidden\" id=\"wpfd_is_empty_subcategories\" value=\"1\" \/><input type=\"hidden\" id=\"wpfd_is_empty_files\" value=\"1\" \/><input type=\"hidden\" id=\"wpfd_root_category_id\" class=\"wpfd_root_category_id\" value=\"12\" \/><input type=\"hidden\" id=\"wpfd_root_category_theme\" class=\"wpfd_root_category_theme\" value=\"default\" \/><input type=\"hidden\" id=\"wpfd_root_category_clone_theme_type\" class=\"wpfd_root_category_clone_theme_type\" value=\"none\" \/><input type=\"hidden\" id=\"wpfd_root_category_type\" class=\"wpfd_root_category_type\" value=\"12\" \/><ul class=\"breadcrumbs wpfd-breadcrumbs-default head-category-default\">                            <li class=\"active\">MARCO NORMATIVO<\/li>                        <\/ul>    <script type=\"text\/x-handlebars-template\" class=\"wpfd-template-files\">        {{#if files }}        <div class=\"wpfd_list\">            {{#each files}}            <div class=\"file {{ext}}\" style=\"margin : 10px 10px 10px 10px;\" data-id=\"{{ID}}\" data-catid=\"{{catid}}\">                <input type=\"hidden\" class=\"wpfd_file_preview_link_download\" value=\"{{linkdownload}}\" data-filetitle=\"{{post_title}}\" data-fileicons=\"ext ext-{{ext}} wpfd-icon-set-svg\" \/>                <div class=\"filecontent\">                    {{#if file_custom_icon}}                    <div class=\"icon-custom\"><img decoding=\"async\" src=\"{{file_custom_icon}}\" \/><\/div>                    {{else}}                    <div class=\"ext ext-{{ext}} wpfd-icon-set-svg\"><span class=\"txt\">{{ext}}<\/span><\/div>                    {{\/if}}<h3><a href=\"{{linkdownload}}\"   class=\"wpfd_downloadlink\" title=\"{{post_title}}\" target=\"{{#if remote_file}}_blank{{\/if}}\">{{{crop_title}}}<\/a><\/h3>                    <div class=\"file-xinfo\">                        {{#if description}}<div class=\"file-desc\">{{{description}}}<\/div>{{\/if}}<div class=\"file-size\"><span>Size:<\/span> {{bytesToSize size}}<\/div><div class=\"file-hits\"><span>Hits:<\/span> {{hits}}<\/div>                    <\/div>                <\/div>                <span class=\"file-right\">                    <a class=\"downloadlink wpfd_downloadlink\"  href=\"{{linkdownload}}\"  style=\"background-color:rgba(0, 112, 105, 0.35);color:#007067;\" target=\"{{#if remote_file}}_blank{{\/if}}\">Descargar<i class=\"zmdi zmdi-cloud-download wpfd-download\"><\/i><\/a>{{#if openpdflink}}<a class=\"openlink wpfdlightbox wpfd_previewlink\" href=\"{{openpdflink}}\"  target=\"\">Previsualizacion                            <i class=\"zmdi zmdi-filter-center-focus wpfd-preview\"><\/i>                        <\/a>{{else}}{{#if viewerlink}}<a                            href=\"{{viewerlink}}\"                                                        class=\"openlink wpfdlightbox wpfd_previewlink\"                            target=\"\"                            data-id=\"{{ID}}\"                            data-catid=\"{{catid}}\"                            data-file-type=\"{{ext}}\">Previsualizacion<i class=\"zmdi zmdi-filter-center-focus wpfd-preview\"><\/i>                        <\/a>{{\/if}}{{\/if}}                <\/span>            <\/div>            {{\/each}}            <div class=\"file flex_span\" style=\"margin : 10px 10px 10px 10px;\"><\/div>        <\/div>        {{\/if}}    <\/script>    <div class=\"wpfd-container show_breadcrumb\">                <div class=\"wpfd-open-tree\"><\/div>        <div class=\"wpfd-container-default \">            <div class=\"wpfd-categories hide\"><div class=\"wpfd-category-desc\"><\/div><\/div>                            <div class=\"wpfd_list\">                                                                        <div class=\"file pdf\" style=\"margin : 10px 10px 10px 10px;\"                                 data-id=\"211\"                                 data-catid=\"3\">                                                                <input type=\"hidden\" class=\"wpfd_file_preview_link_download\" value=\"https:\/\/expolibrodigital.infoqro.mx\/index.php\/download\/3\/e-books-disponibles\/211\/ley-general-de-proteccion-de-datos-personales-en-posesion-de-sujetos-obligados-comentada.pdf\"                                       data-filetitle=\"LEY GENERAL DE PROTECCI\u00d3N DE DATOS  PERSONALES EN POSESI\u00d3N DE SUJETOS OBLIGADOS, COMENTADA\" data-fileicons=\"ext ext-pdf wpfd-icon-set-svg\" \/>                                <div class=\"filecontent\">                                    <div class=\"icon-custom\"><img decoding=\"async\" src=\"https:\/\/expolibrodigital.infoqro.mx\/wp-content\/uploads\/2025\/03\/leyfedpropartcoment2-150x150.jpg\" \/><\/div><h3><a href=\"https:\/\/expolibrodigital.infoqro.mx\/index.php\/download\/3\/e-books-disponibles\/211\/ley-general-de-proteccion-de-datos-personales-en-posesion-de-sujetos-obligados-comentada.pdf\"   class=\"wpfd_downloadlink\" title=\"LEY GENERAL DE PROTECCI\u00d3N DE DATOS  PERSONALES EN POSESI\u00d3N DE SUJETOS OBLIGADOS, COMENTADA\" target=\"\">LEY GENERAL DE PROTECCI\u00d3N DE DATOS  PERSONALES EN POSESI\u00d3N DE SUJETOS OBLIGADOS, COMENTADA<\/a><\/h3>                                    <div class=\"file-xinfo\">                                        <div class=\"file-desc\"><\/div><div class=\"file-size\"><span>Size:<\/span> 2.06 MB<\/div><div class=\"file-hits\"><span>Hits:<\/span> 93<\/div>                                    <\/div>                                <\/div>                                <div class=\"file-right\">                                    <a class=\"downloadlink wpfd_downloadlink\"  href=\"https:\/\/expolibrodigital.infoqro.mx\/index.php\/download\/3\/e-books-disponibles\/211\/ley-general-de-proteccion-de-datos-personales-en-posesion-de-sujetos-obligados-comentada.pdf\"  style=\"background-color:rgba(0, 112, 105, 0.35);color:#007067;\" target=\"\">Descargar<i class=\"zmdi zmdi-cloud-download wpfd-download\"><\/i><\/a><a                            href=\"https:\/\/docs.google.com\/viewer?url=https%3A%2F%2Fexpolibrodigital.infoqro.mx%2Fwp-admin%2Fadmin-ajax.php%3Fjuwpfisadmin%3Dfalse%26action%3Dwpfd%26task%3Dfile.download%26wpfd_category_id%3D3%26wpfd_file_id%3D211%26token%3D%26preview%3D1&#038;embedded=true\"                                                        class=\"openlink wpfdlightbox wpfd_previewlink\"                            target=\"\"                            data-id=\"211\"                            data-catid=\"3\"                            data-file-type=\"pdf\">Previsualizacion<i class=\"zmdi zmdi-filter-center-focus wpfd-preview\"><\/i>                        <\/a>                                <\/div>                            <\/div>                                                                                                <div class=\"file pdf\" style=\"margin : 10px 10px 10px 10px;\"                                 data-id=\"231\"                                 data-catid=\"3\">                                                                <input type=\"hidden\" class=\"wpfd_file_preview_link_download\" value=\"https:\/\/expolibrodigital.infoqro.mx\/index.php\/download\/3\/e-books-disponibles\/231\/ley-general-de-proteccion-de-datos-personales-en-posesion-de-sujetos-obligados-20-03-25.pdf\"                                       data-filetitle=\"LEY GENERAL DE PROTECCI\u00d3N DE DATOS PERSONALES EN POSESI\u00d3N DE SUJETOS OBLIGADOS (20-03-25)\" data-fileicons=\"ext ext-pdf wpfd-icon-set-svg\" \/>                                <div class=\"filecontent\">                                    <div class=\"icon-custom\"><img decoding=\"async\" src=\"https:\/\/expolibrodigital.infoqro.mx\/wp-content\/uploads\/2025\/04\/leygeneralpd-150x150.png\" \/><\/div><h3><a href=\"https:\/\/expolibrodigital.infoqro.mx\/index.php\/download\/3\/e-books-disponibles\/231\/ley-general-de-proteccion-de-datos-personales-en-posesion-de-sujetos-obligados-20-03-25.pdf\"   class=\"wpfd_downloadlink\" title=\"LEY GENERAL DE PROTECCI\u00d3N DE DATOS PERSONALES EN POSESI\u00d3N DE SUJETOS OBLIGADOS (20-03-25)\" target=\"\">LEY GENERAL DE PROTECCI\u00d3N DE DATOS PERSONALES EN POSESI\u00d3N DE SUJETOS OBLIGADOS (20-03-25)<\/a><\/h3>                                    <div class=\"file-xinfo\">                                        <div class=\"file-desc\"><\/div><div class=\"file-size\"><span>Size:<\/span> 530.08 KB<\/div><div class=\"file-hits\"><span>Hits:<\/span> 38<\/div>                                    <\/div>                                <\/div>                                <div class=\"file-right\">                                    <a class=\"downloadlink wpfd_downloadlink\"  href=\"https:\/\/expolibrodigital.infoqro.mx\/index.php\/download\/3\/e-books-disponibles\/231\/ley-general-de-proteccion-de-datos-personales-en-posesion-de-sujetos-obligados-20-03-25.pdf\"  style=\"background-color:rgba(0, 112, 105, 0.35);color:#007067;\" target=\"\">Descargar<i class=\"zmdi zmdi-cloud-download wpfd-download\"><\/i><\/a><a                            href=\"https:\/\/docs.google.com\/viewer?url=https%3A%2F%2Fexpolibrodigital.infoqro.mx%2Fwp-admin%2Fadmin-ajax.php%3Fjuwpfisadmin%3Dfalse%26action%3Dwpfd%26task%3Dfile.download%26wpfd_category_id%3D3%26wpfd_file_id%3D231%26token%3D%26preview%3D1&#038;embedded=true\"                                                        class=\"openlink wpfdlightbox wpfd_previewlink\"                            target=\"\"                            data-id=\"231\"                            data-catid=\"3\"                            data-file-type=\"pdf\">Previsualizacion<i class=\"zmdi zmdi-filter-center-focus wpfd-preview\"><\/i>                        <\/a>                                <\/div>                            <\/div>                                                                                                <div class=\"file pdf\" style=\"margin : 10px 10px 10px 10px;\"                                 data-id=\"212\"                                 data-catid=\"3\">                                                                <input type=\"hidden\" class=\"wpfd_file_preview_link_download\" value=\"https:\/\/expolibrodigital.infoqro.mx\/index.php\/download\/3\/e-books-disponibles\/212\/ley-federal-proteccion-de-datos-personales-en-posesion-de-los-particulares-comentada.pdf\"                                       data-filetitle=\"LEY FEDERAL PROTECCI\u00d3N DE DATOS PERSONALES EN POSESI\u00d3N DE LOS PARTICULARES, COMENTADA\" data-fileicons=\"ext ext-pdf wpfd-icon-set-svg\" \/>                                <div class=\"filecontent\">                                    <div class=\"icon-custom\"><img decoding=\"async\" src=\"https:\/\/expolibrodigital.infoqro.mx\/wp-content\/uploads\/2025\/03\/leyfedpropart2-150x150.jpg\" \/><\/div><h3><a href=\"https:\/\/expolibrodigital.infoqro.mx\/index.php\/download\/3\/e-books-disponibles\/212\/ley-federal-proteccion-de-datos-personales-en-posesion-de-los-particulares-comentada.pdf\"   class=\"wpfd_downloadlink\" title=\"LEY FEDERAL PROTECCI\u00d3N DE DATOS PERSONALES EN POSESI\u00d3N DE LOS PARTICULARES, COMENTADA\" target=\"\">LEY FEDERAL PROTECCI\u00d3N DE DATOS PERSONALES EN POSESI\u00d3N DE LOS PARTICULARES, COMENTADA<\/a><\/h3>                                    <div class=\"file-xinfo\">                                        <div class=\"file-desc\"><\/div><div class=\"file-size\"><span>Size:<\/span> 3.74 MB<\/div><div class=\"file-hits\"><span>Hits:<\/span> 95<\/div>                                    <\/div>                                <\/div>                                <div class=\"file-right\">                                    <a class=\"downloadlink wpfd_downloadlink\"  href=\"https:\/\/expolibrodigital.infoqro.mx\/index.php\/download\/3\/e-books-disponibles\/212\/ley-federal-proteccion-de-datos-personales-en-posesion-de-los-particulares-comentada.pdf\"  style=\"background-color:rgba(0, 112, 105, 0.35);color:#007067;\" target=\"\">Descargar<i class=\"zmdi zmdi-cloud-download wpfd-download\"><\/i><\/a><a                            href=\"https:\/\/docs.google.com\/viewer?url=https%3A%2F%2Fexpolibrodigital.infoqro.mx%2Fwp-admin%2Fadmin-ajax.php%3Fjuwpfisadmin%3Dfalse%26action%3Dwpfd%26task%3Dfile.download%26wpfd_category_id%3D3%26wpfd_file_id%3D212%26token%3D%26preview%3D1&#038;embedded=true\"                                                        class=\"openlink wpfdlightbox wpfd_previewlink\"                            target=\"\"                            data-id=\"212\"                            data-catid=\"3\"                            data-file-type=\"pdf\">Previsualizacion<i class=\"zmdi zmdi-filter-center-focus wpfd-preview\"><\/i>                        <\/a>                                <\/div>                            <\/div>                                                                                                <div class=\"file pdf\" style=\"margin : 10px 10px 10px 10px;\"                                 data-id=\"230\"                                 data-catid=\"3\">                                                                <input type=\"hidden\" class=\"wpfd_file_preview_link_download\" value=\"https:\/\/expolibrodigital.infoqro.mx\/index.php\/download\/3\/e-books-disponibles\/230\/ley-federal-de-proteccion-de-datos-personales-en-posesion-de-los-particulares-20-03-25.pdf\"                                       data-filetitle=\"LEY FEDERAL DE PROTECCI\u00d3N DE DATOS PERSONALES EN POSESI\u00d3N DE LOS PARTICULARES (20-03-25)\" data-fileicons=\"ext ext-pdf wpfd-icon-set-svg\" \/>                                <div class=\"filecontent\">                                    <div class=\"icon-custom\"><img decoding=\"async\" src=\"https:\/\/expolibrodigital.infoqro.mx\/wp-content\/uploads\/2025\/04\/leygeneralpdp-150x150.png\" \/><\/div><h3><a href=\"https:\/\/expolibrodigital.infoqro.mx\/index.php\/download\/3\/e-books-disponibles\/230\/ley-federal-de-proteccion-de-datos-personales-en-posesion-de-los-particulares-20-03-25.pdf\"   class=\"wpfd_downloadlink\" title=\"LEY FEDERAL DE PROTECCI\u00d3N DE DATOS PERSONALES EN POSESI\u00d3N DE LOS PARTICULARES (20-03-25)\" target=\"\">LEY FEDERAL DE PROTECCI\u00d3N DE DATOS PERSONALES EN POSESI\u00d3N DE LOS PARTICULARES (20-03-25)<\/a><\/h3>                                    <div class=\"file-xinfo\">                                        <div class=\"file-desc\"><\/div><div class=\"file-size\"><span>Size:<\/span> 393.49 KB<\/div><div class=\"file-hits\"><span>Hits:<\/span> 64<\/div>                                    <\/div>                                <\/div>                                <div class=\"file-right\">                                    <a class=\"downloadlink wpfd_downloadlink\"  href=\"https:\/\/expolibrodigital.infoqro.mx\/index.php\/download\/3\/e-books-disponibles\/230\/ley-federal-de-proteccion-de-datos-personales-en-posesion-de-los-particulares-20-03-25.pdf\"  style=\"background-color:rgba(0, 112, 105, 0.35);color:#007067;\" target=\"\">Descargar<i class=\"zmdi zmdi-cloud-download wpfd-download\"><\/i><\/a><a                            href=\"https:\/\/docs.google.com\/viewer?url=https%3A%2F%2Fexpolibrodigital.infoqro.mx%2Fwp-admin%2Fadmin-ajax.php%3Fjuwpfisadmin%3Dfalse%26action%3Dwpfd%26task%3Dfile.download%26wpfd_category_id%3D3%26wpfd_file_id%3D230%26token%3D%26preview%3D1&#038;embedded=true\"                                                        class=\"openlink wpfdlightbox wpfd_previewlink\"                            target=\"\"                            data-id=\"230\"                            data-catid=\"3\"                            data-file-type=\"pdf\">Previsualizacion<i class=\"zmdi zmdi-filter-center-focus wpfd-preview\"><\/i>                        <\/a>                                <\/div>                            <\/div>                                                                <div class=\"file flex_span\" style=\"margin : 10px 10px 10px 10px;\"><\/div>                <\/div>                                <\/div>    <\/div><\/div><\/div>\t\t\t\t<\/div>\n\t\t\t\t<\/div>\n\t\t\t\t<div class=\"elementor-element elementor-element-1bc5640 elementor-align-center elementor-widget elementor-widget-button\" data-id=\"1bc5640\" data-element_type=\"widget\" data-widget_type=\"button.default\">\n\t\t\t\t<div class=\"elementor-widget-container\">\n\t\t\t\t\t\t\t\t\t<div class=\"elementor-button-wrapper\">\n\t\t\t\t\t<a class=\"elementor-button elementor-button-link elementor-size-sm\" href=\"https:\/\/expolibrodigital.infoqro.mx\/#CATEGORIAS\">\n\t\t\t\t\t\t<span class=\"elementor-button-content-wrapper\">\n\t\t\t\t\t\t\t\t\t<span class=\"elementor-button-text\">Volver a las categorias<\/span>\n\t\t\t\t\t<\/span>\n\t\t\t\t\t<\/a>\n\t\t\t\t<\/div>\n\t\t\t\t\t\t\t\t<\/div>\n\t\t\t\t<\/div>\n\t\t\t\t\t<\/div>\n\t\t\t\t<\/div>\n\t\t<div class=\"elementor-element elementor-element-680171a e-con-full e-flex e-con e-parent\" data-id=\"680171a\" data-element_type=\"container\" data-settings=\"{&quot;background_background&quot;:&quot;classic&quot;}\">\n\t\t\t\t<div class=\"elementor-element elementor-element-891e1cc elementor-widget elementor-widget-image\" data-id=\"891e1cc\" data-element_type=\"widget\" data-widget_type=\"image.default\">\n\t\t\t\t<div class=\"elementor-widget-container\">\n\t\t\t\t\t\t\t\t\t\t\t\t\t\t\t<img decoding=\"async\" width=\"421\" height=\"108\" src=\"https:\/\/expolibrodigital.infoqro.mx\/wp-content\/uploads\/2025\/03\/EXPO_LDPDDP_LOGO-1.svg\" class=\"attachment-large size-large wp-image-41\" alt=\"\" \/>\t\t\t\t\t\t\t\t\t\t\t\t\t\t\t<\/div>\n\t\t\t\t<\/div>\n\t\t\t\t<\/div>\n\t\t\t\t<\/div>\n\t\t","protected":false},"excerpt":{"rendered":"<p>Marco Normativo MARCO NORMATIVO LEY GENERAL DE PROTECCI\u00d3N DE DATOS PERSONALES EN POSESI\u00d3N DE SUJETOS OBLIGADOS, COMENTADA Size: 2.06 MBHits: 2 DescargarPrevisualizacion LEY GENERAL DE PROTECCI\u00d3N DE DATOS PERSONALES EN POSESI\u00d3N DE SUJETOS OBLIGADOS (20-03-25) Size: 530.08 KBHits: 1 DescargarPrevisualizacion LEY FEDERAL PROTECCI\u00d3N DE DATOS PERSONALES EN POSESI\u00d3N DE LOS PARTICULARES, COMENTADA Size: 3.74 MBHits: [&hellip;]<\/p>\n","protected":false},"author":1,"featured_media":0,"parent":0,"menu_order":0,"comment_status":"closed","ping_status":"open","template":"","meta":{"footnotes":""},"class_list":["post-333","page","type-page","status-publish","hentry"],"_links":{"self":[{"href":"https:\/\/expolibrodigital.infoqro.mx\/index.php\/wp-json\/wp\/v2\/pages\/333","targetHints":{"allow":["GET"]}}],"collection":[{"href":"https:\/\/expolibrodigital.infoqro.mx\/index.php\/wp-json\/wp\/v2\/pages"}],"about":[{"href":"https:\/\/expolibrodigital.infoqro.mx\/index.php\/wp-json\/wp\/v2\/types\/page"}],"author":[{"embeddable":true,"href":"https:\/\/expolibrodigital.infoqro.mx\/index.php\/wp-json\/wp\/v2\/users\/1"}],"replies":[{"embeddable":true,"href":"https:\/\/expolibrodigital.infoqro.mx\/index.php\/wp-json\/wp\/v2\/comments?post=333"}],"version-history":[{"count":10,"href":"https:\/\/expolibrodigital.infoqro.mx\/index.php\/wp-json\/wp\/v2\/pages\/333\/revisions"}],"predecessor-version":[{"id":437,"href":"https:\/\/expolibrodigital.infoqro.mx\/index.php\/wp-json\/wp\/v2\/pages\/333\/revisions\/437"}],"wp:attachment":[{"href":"https:\/\/expolibrodigital.infoqro.mx\/index.php\/wp-json\/wp\/v2\/media?parent=333"}],"curies":[{"name":"wp","href":"https:\/\/api.w.org\/{rel}","templated":true}]}}